{"id":2719,"date":"2025-06-29T20:43:29","date_gmt":"2025-06-29T20:43:29","guid":{"rendered":"https:\/\/leiguhysi.is\/product\/n-star\/"},"modified":"2025-11-16T19:52:29","modified_gmt":"2025-11-16T19:52:29","slug":"n-star","status":"publish","type":"product","link":"https:\/\/leiguhysi.is\/pl\/produkt\/n-star\/","title":{"rendered":"N &#8211; Star"},"content":{"rendered":"<p><strong data-start=\"352\" data-end=\"372\">Niewiad\u00f3w N-Star<\/strong> to przestronna przyczepa kempingowa zaprojektowana dla trzyosobowej rodziny, ale doskonale sprawdza si\u0119 r\u00f3wnie\u017c jako komfortowa i przytulna przestrze\u0144 dla par.<\/p>\n<p data-start=\"758\" data-end=\"1015\">W przedniej cz\u0119\u015bci przyczepy kempingowej znajduje si\u0119 <strong data-start=\"789\" data-end=\"813\">sta\u0142e i wygodne \u0142\u00f3\u017cko<\/strong> o wymiarach <strong data-start=\"825\" data-end=\"841\">145 \u00d7 195 cm<\/strong>, a pod nim <strong data-start=\"859\" data-end=\"882\">przestronna przestrze\u0144 baga\u017cowa<\/strong>.<br data-start=\"898\" data-end=\"901\">Dzi\u0119ki temu wszystko, czego potrzebujesz, jest zawsze pod r\u0119k\u0105, nie ograniczaj\u0105c przestrzeni ani estetycznego wygl\u0105du wn\u0119trza.<\/p>\n<p data-start=\"1017\" data-end=\"1289\">W tylnej cz\u0119\u015bci znajduje si\u0119 <strong data-start=\"1038\" data-end=\"1056\">st\u00f3\u0142 z siedzeniami<\/strong>, kt\u00f3ry mo\u017cna \u0142atwo przekszta\u0142ci\u0107 w <strong data-start=\"1085\" data-end=\"1104\">miejsce do spania<\/strong> w razie potrzeby. Jest to praktyczne rozwi\u0105zanie dla par &#8211; zachowuj\u0105c jedn\u0105 cz\u0119\u015b\u0107 w u\u017cyciu, zyskuj\u0105 Pa\u0144stwo dodatkow\u0105 przestrze\u0144 do jedzenia, pracy lub relaksu bez konieczno\u015bci codziennego przekszta\u0142cania \u0142\u00f3\u017cka.<\/p>\n<p data-start=\"1291\" data-end=\"1456\">Ponadto przyczepa jest wyposa\u017cona w <strong data-start=\"1318\" data-end=\"1338\">przestronn\u0105 szaf\u0119<\/strong> z dr\u0105\u017ckiem na ubrania oraz <strong data-start=\"1364\" data-end=\"1390\">liczne szafki wisz\u0105ce<\/strong>, kt\u00f3re zapewniaj\u0105 wystarczaj\u0105co du\u017co miejsca na ubrania, akcesoria i sprz\u0119t turystyczny.<\/p>\n<p>Przyczepa jest bardzo \u0142atwa w u\u017cyciu i zbudowana z lekkich, nowoczesnych materia\u0142\u00f3w, kt\u00f3re zapewniaj\u0105 r\u00f3wnowag\u0119 mi\u0119dzy przestrzeni\u0105 a mo\u017cliwo\u015bciami holowania. To doskona\u0142y wyb\u00f3r dla tych, kt\u00f3rzy chc\u0105 podr\u00f3\u017cowa\u0107 bez rezygnacji z komfortu. <\/p>\n<hr>\n<h3><b>G\u0142\u00f3wne cechy:<\/b><\/h3>\n<ul>\n<li class=\"p1\">\ud83d\udecf\ufe0f <span class=\"s1\"><b>Miejsca do spania dla 3 os\u00f3b<\/b><\/span> \u2013 \u0142\u00f3\u017cko ma\u0142\u017ce\u0144skie i regulowana jadalnia<\/li>\n<li class=\"p1\">\ud83c\udf7d\ufe0f <span class=\"s1\"><b>Przestronna kuchnia<\/b><\/span> \u2013 dwupalnikowa kuchenka gazowa, frytkownica bezt\u0142uszczowa, ekspres do kawy, zlew i pojemne schowki<\/li>\n<li>\ud83e\udd69 <strong>Grill gazowy na przyczepie<\/strong> &#8211; w zestawie du\u017cy grill turystyczny, bo nie ma kempingu bez grillowania<\/li>\n<li class=\"p1\">\ud83d\udca1 <span class=\"s1\"><b>System elektryczny<\/b><\/span> &#8211; przy\u0142\u0105cze 12V i 220V, o\u015bwietlenie LED i gniazdka<\/li>\n<li>\ud83c\udf9b\ufe0f <strong>Panel sterowania<\/strong> &#8211; Steruj o\u015bwietleniem i innymi funkcjami na jednym ekranie dotykowym<\/li>\n<li class=\"p1\">\ud83e\ude9f <span class=\"s1\"><b>Okna z zas\u0142onami, moskitier\u0105 i zaciemnieniem<\/b><\/span> &#8211; elastyczna wentylacja i prywatno\u015b\u0107<\/li>\n<li class=\"p1\">\ud83d\udce6 <span class=\"s1\"><b>Du\u017co miejsca do przechowywania<\/b><\/span> &#8211; zar\u00f3wno pod \u0142\u00f3\u017ckami, jak i w szafkach<\/li>\n<li class=\"p1\"><span class=\"s1\">\ud83c\udf21\ufe0f <strong>System ogrzewania Truma<\/strong> &#8211; dzia\u0142a na gaz lub 220V i rozprowadza ciep\u0142o po przyczepie ukrytymi przewodami<\/span><\/li>\n<li class=\"p1\"><i><\/i><span class=\"s1\">\ud83d\udec1 <\/span><b>\u0141azienka z umywalk\u0105 i toalet\u0105<\/b> &#8211; wszystkie nowoczesne udogodnienia<\/li>\n<\/ul>\n<hr>\n<h3><b>Dane techniczne:<\/b><\/h3>\n<ul>\n<li class=\"p1\"><span class=\"s1\"><b>D\u0142ugo\u015b\u0107 ca\u0142kowita:<\/b><\/span> ok. 6,2 metra z dyszlem <\/li>\n<li class=\"p1\"><span class=\"s1\"><b>Szeroko\u015b\u0107:<\/b><\/span> ok. 2,3 metra <\/li>\n<li class=\"p1\"><span class=\"s1\"><b>Wysoko\u015b\u0107 ca\u0142kowita:<\/b><\/span> ok. 2,6 metra <\/li>\n<li class=\"p1\"><b>Dopuszczalna masa ca\u0142kowita:<\/b><span class=\"s1\"> ~1.000 kg<\/span><\/li>\n<li class=\"p1\"><span class=\"s1\"><b>Miejsca do spania:<\/b><\/span> 4 osoby (\u0142\u00f3\u017cko i przekszta\u0142cana jadalnia)<\/li>\n<li class=\"p1\"><span class=\"s1\"><b>Wyposa\u017cenie kuchenne: <\/b><\/span>Dwupalnikowa kuchenka gazowa, zlew, lod\u00f3wka<\/li>\n<li class=\"p1\"><span class=\"s1\"><b>System wodny:<\/b><\/span> Zbiornik na wod\u0119 z pomp\u0105 do zimnej wody<\/li>\n<li><strong>Podgrzewacz wody Truma Therme<\/strong> &#8211; Ciep\u0142a woda ze wszystkich baterii za jednym przyciskiem<\/li>\n<li class=\"p1\"><span class=\"s1\"><b>Elektryczno\u015b\u0107:<\/b><\/span> System 12V i przy\u0142\u0105cze 220V<\/li>\n<li class=\"p1\"><span class=\"s1\"><b>Akcesoria:<\/b><\/span> Przedsionek z pe\u0142nym wyposa\u017ceniem, meble kempingowe, kompletna zastawa sto\u0142owa<\/li>\n<li class=\"p1\"><span class=\"s1\"><b>Bezpiecze\u0144stwo:<\/b><\/span> Czujnik dymu, zabezpieczenie gazowe i wyposa\u017cenie bezpiecze\u0144stwa zgodne z przepisami<\/li>\n<\/ul>\n<hr>\n<h3><strong>Dla kogo jest przeznaczony N &#8211; Star<b> <\/b>?<\/strong><\/h3>\n<ul>\n<li class=\"p1\">Dla rodzin lub par, kt\u00f3re pragn\u0105 wi\u0119cej przestrzeni i komfortu<\/li>\n<li class=\"p1\">Dla podr\u00f3\u017cnik\u00f3w planuj\u0105cych d\u0142u\u017csze wyprawy po kraju<\/li>\n<li class=\"p1\">Dla os\u00f3b ceni\u0105cych dobr\u0105 organizacj\u0119 przestrzeni i miejsca do spania dla dzieci i doros\u0142ych<\/li>\n<\/ul>\n<p class=\"p2\">\ud83d\udc49 <i>Zarezerwuj swoj\u0105 ju\u017c teraz &#8211; popularny wyb\u00f3r na rodzinne wakacje i d\u0142ugie urlopy!<\/i><\/p>\n","protected":false},"excerpt":{"rendered":"<p>\u015aredniej wielko\u015bci przyczepa, idealna dla 3 os\u00f3b lub par, kt\u00f3re chc\u0105 wyruszy\u0107 na przygod\u0119.<\/p>\n","protected":false},"featured_media":2732,"template":"","meta":{"_acf_changed":false,"content-type":"","om_disable_all_campaigns":false,"_monsterinsights_skip_tracking":false,"_monsterinsights_sitenote_active":false,"_monsterinsights_sitenote_note":"","_monsterinsights_sitenote_category":0},"product_brand":[],"product_cat":[73],"product_tag":[],"class_list":{"0":"post-2719","1":"product","2":"type-product","3":"status-publish","4":"has-post-thumbnail","6":"product_cat-wynajem","8":"first","9":"instock","10":"virtual","11":"sold-individually","12":"purchasable","13":"product-type-booking"},"acf":[],"aioseo_notices":[],"_links":{"self":[{"href":"https:\/\/leiguhysi.is\/pl\/wp-json\/wp\/v2\/product\/2719","targetHints":{"allow":["GET"]}}],"collection":[{"href":"https:\/\/leiguhysi.is\/pl\/wp-json\/wp\/v2\/product"}],"about":[{"href":"https:\/\/leiguhysi.is\/pl\/wp-json\/wp\/v2\/types\/product"}],"wp:featuredmedia":[{"embeddable":true,"href":"https:\/\/leiguhysi.is\/pl\/wp-json\/wp\/v2\/media\/2732"}],"wp:attachment":[{"href":"https:\/\/leiguhysi.is\/pl\/wp-json\/wp\/v2\/media?parent=2719"}],"wp:term":[{"taxonomy":"product_brand","embeddable":true,"href":"https:\/\/leiguhysi.is\/pl\/wp-json\/wp\/v2\/product_brand?post=2719"},{"taxonomy":"product_cat","embeddable":true,"href":"https:\/\/leiguhysi.is\/pl\/wp-json\/wp\/v2\/product_cat?post=2719"},{"taxonomy":"product_tag","embeddable":true,"href":"https:\/\/leiguhysi.is\/pl\/wp-json\/wp\/v2\/product_tag?post=2719"}],"curies":[{"name":"wp","href":"https:\/\/api.w.org\/{rel}","templated":true}]}}