{"id":2468,"date":"2025-04-11T13:49:10","date_gmt":"2025-04-11T13:49:10","guid":{"rendered":"https:\/\/leiguhysi.is\/product\/nt-sprint\/"},"modified":"2025-11-15T19:54:09","modified_gmt":"2025-11-15T19:54:09","slug":"nt-sprint","status":"publish","type":"product","link":"https:\/\/leiguhysi.is\/pl\/produkt\/nt-sprint\/","title":{"rendered":"NT-Sprint"},"content":{"rendered":"<p class=\"p1\"><span class=\"s1\"><b>NT-Sprint<\/b><\/span> to wyj\u0105tkowo odpowiednia przyczepa kempingowa dla par lub dw\u00f3ch os\u00f3b podr\u00f3\u017cuj\u0105cych razem. \u0141\u0105czy w sobie prostot\u0119, komfort i mobilno\u015b\u0107 w stylowy i praktyczny spos\u00f3b. NT-Sprint jest niezwykle lekki w holowaniu i doskonale nadaje si\u0119 zar\u00f3wno dla os\u00f3b wyruszaj\u0105cych w pierwsz\u0105 podr\u00f3\u017c z przyczep\u0105, jak i dla do\u015bwiadczonych podr\u00f3\u017cnik\u00f3w, kt\u00f3rzy doceniaj\u0105 zwinno\u015b\u0107 i funkcjonalno\u015b\u0107.  <\/p>\n<p class=\"p1\">Mimo niewielkich rozmiar\u00f3w, oferuje wszystkie niezb\u0119dne udogodnienia potrzebne do komfortowego kempingu: miejsce do spania dla dw\u00f3ch os\u00f3b, kuchni\u0119 z p\u0142yt\u0105 indukcyjn\u0105 i zlewozmywakiem, lod\u00f3wk\u0119 57L, grill gazowy, jadalni\u0119, schowki oraz \u0142azienk\u0119 z ciep\u0142ym prysznicem. Jest idealny na kr\u00f3tkie wycieczki, wakacje lub weekendowe przygody po kraju. <\/p>\n<hr>\n<h3><b>G\u0142\u00f3wne cechy:<\/b><\/h3>\n<ul>\n<li class=\"p1\">\ud83d\udecf\ufe0f <span class=\"s1\"><b>Miejsce do spania dla 2 os\u00f3b<\/b><\/span> \u2013 przestronne \u0142\u00f3\u017cko ma\u0142\u017ce\u0144skie lub przekszta\u0142cana jadalnia<\/li>\n<li>\ud83c\udf73 <span class=\"s1\"><b>Wyposa\u017cenie kuchenne<\/b><\/span> \u2013 p\u0142yta indukcyjna, zlewozmywak, frytkownica powietrzna, lod\u00f3wka 57L, ekspres do kawy, toster oraz wszystkie przybory kuchenne i zastawa sto\u0142owa<\/li>\n<li>\ud83e\udd69 <strong>Grill gazowy na przyczepie<\/strong> &#8211; w zestawie du\u017cy grill turystyczny, bo nie ma kempingu bez grillowania<\/li>\n<li class=\"p1\">\ud83d\udca1 <span class=\"s1\"><b>Zasilanie<\/b><\/span> \u2013 system 12V i pod\u0142\u0105czenie do 220V<\/li>\n<li class=\"p1\">\ud83d\udd0c <span class=\"s1\"><b>O\u015bwietlenie wewn\u0119trzne i gniazdka<\/b><\/span> \u2013 dla wygody wieczorem<\/li>\n<li class=\"p1\">\ud83d\udce6 <span class=\"s1\"><b>Przestrze\u0144 magazynowa<\/b><\/span> \u2013 schowki i szuflady na baga\u017c i zapasy<\/li>\n<li class=\"p1\">\ud83d\ude97 <span class=\"s1\"><b>Lekka w holowaniu<\/b><\/span> \u2013 \u0142atwa w transporcie, odpowiednia dla mniejszych samochod\u00f3w i idealna dla pojazd\u00f3w elektrycznych<\/li>\n<li class=\"p1\">\ud83d\udebf <strong>Toaleta i prysznic<\/strong> \u2013 bez problem\u00f3w w podr\u00f3\u017cy<\/li>\n<li>\ud83c\udfaa <strong>Przedsionek w zestawie<\/strong> &#8211; Do\u0142\u0105czony nadmuchiwany przedsionek, kt\u00f3ry zwi\u0119ksza przestrze\u0144 o po\u0142ow\u0119<\/li>\n<\/ul>\n<hr>\n<h3><b>Dane techniczne:<\/b><\/h3>\n<ul>\n<li class=\"p1\"><span class=\"s1\"><b>D\u0142ugo\u015b\u0107 ca\u0142kowita:<\/b><\/span> ok. 4,5 metra <\/li>\n<li class=\"p1\"><b>Szeroko\u015b\u0107:<\/b> ok. 2,1 metra <\/li>\n<li class=\"p1\"><b>Wysoko\u015b\u0107 ca\u0142kowita:<\/b> ok. 2,5 metra <\/li>\n<li class=\"p1\"><b>Dopuszczalna masa ca\u0142kowita:<\/b><span class=\"s1\"> ~750 kg<\/span><\/li>\n<li class=\"p1\"><b>Lod\u00f3wka:<\/b> 57L Dometic<\/li>\n<li class=\"p1\"><b>Akcesoria:<\/b> W zestawie nadmuchiwany przedsionek i kabel zasilaj\u0105cy<\/li>\n<\/ul>\n<hr>\n<h3><b>Dla kogo przeznaczony jest NT-Sprint?<\/b><\/h3>\n<ul>\n<li class=\"p1\">Dla os\u00f3b, kt\u00f3re po raz pierwszy pr\u00f3buj\u0105 kempingu<\/li>\n<li class=\"p1\">Dla par, kt\u00f3re pragn\u0105 prostej i przytulnej podr\u00f3\u017cy<\/li>\n<li class=\"p1\">Dla w\u0142a\u015bcicieli mniejszych samochod\u00f3w i pojazd\u00f3w elektrycznych, kt\u00f3rzy nie chc\u0105 sp\u0119dza\u0107 wakacji na stacjach \u0142adowania<\/li>\n<li class=\"p1\">Dla os\u00f3b, kt\u00f3re chc\u0105 m\u00f3c znale\u017a\u0107 si\u0119 na \u0142onie natury w kilka minut<\/li>\n<\/ul>\n","protected":false},"excerpt":{"rendered":"<p>Kompaktowa i stylowa przyczepa dla dw\u00f3ch os\u00f3b, ze wszystkimi podstawowymi udogodnieniami. Lekka w holowaniu, wyposa\u017cona w kuchni\u0119, toalet\u0119\/prysznic, jadalni\u0119 i miejsce do spania \u2013 idealna na spokojne weekendowe przygody. <\/p>\n","protected":false},"featured_media":2332,"template":"","meta":{"_acf_changed":false,"content-type":"","om_disable_all_campaigns":false,"_monsterinsights_skip_tracking":false,"_monsterinsights_sitenote_active":false,"_monsterinsights_sitenote_note":"","_monsterinsights_sitenote_category":0},"product_brand":[],"product_cat":[73],"product_tag":[],"class_list":{"0":"post-2468","1":"product","2":"type-product","3":"status-publish","4":"has-post-thumbnail","6":"product_cat-wynajem","8":"first","9":"instock","10":"virtual","11":"sold-individually","12":"purchasable","13":"product-type-booking"},"acf":[],"aioseo_notices":[],"_links":{"self":[{"href":"https:\/\/leiguhysi.is\/pl\/wp-json\/wp\/v2\/product\/2468","targetHints":{"allow":["GET"]}}],"collection":[{"href":"https:\/\/leiguhysi.is\/pl\/wp-json\/wp\/v2\/product"}],"about":[{"href":"https:\/\/leiguhysi.is\/pl\/wp-json\/wp\/v2\/types\/product"}],"wp:featuredmedia":[{"embeddable":true,"href":"https:\/\/leiguhysi.is\/pl\/wp-json\/wp\/v2\/media\/2332"}],"wp:attachment":[{"href":"https:\/\/leiguhysi.is\/pl\/wp-json\/wp\/v2\/media?parent=2468"}],"wp:term":[{"taxonomy":"product_brand","embeddable":true,"href":"https:\/\/leiguhysi.is\/pl\/wp-json\/wp\/v2\/product_brand?post=2468"},{"taxonomy":"product_cat","embeddable":true,"href":"https:\/\/leiguhysi.is\/pl\/wp-json\/wp\/v2\/product_cat?post=2468"},{"taxonomy":"product_tag","embeddable":true,"href":"https:\/\/leiguhysi.is\/pl\/wp-json\/wp\/v2\/product_tag?post=2468"}],"curies":[{"name":"wp","href":"https:\/\/api.w.org\/{rel}","templated":true}]}}