{"id":2420,"date":"2020-10-29T07:51:10","date_gmt":"2020-10-29T07:51:10","guid":{"rendered":"https:\/\/leiguhysi.is\/sprzedaz\/"},"modified":"2025-11-08T18:03:17","modified_gmt":"2025-11-08T18:03:17","slug":"sprzedaz","status":"publish","type":"page","link":"https:\/\/leiguhysi.is\/pl\/sprzedaz\/","title":{"rendered":"Sprzeda\u017c"},"content":{"rendered":"\t\t<div data-elementor-type=\"wp-page\" data-elementor-id=\"2420\" class=\"elementor elementor-2420 elementor-1206\" data-elementor-post-type=\"page\">\n\t\t\t\t\t\t<section class=\"elementor-section elementor-top-section elementor-element elementor-element-d0102a3 elementor-section-content-middle qodef-elementor-content-grid elementor-section-boxed elementor-section-height-default elementor-section-height-default\" data-id=\"d0102a3\" data-element_type=\"section\" data-e-type=\"section\">\n\t\t\t\t\t\t<div class=\"elementor-container elementor-column-gap-default\">\n\t\t\t\t\t<div class=\"elementor-column elementor-col-50 elementor-top-column elementor-element elementor-element-9f0d0f5\" data-id=\"9f0d0f5\" data-element_type=\"column\" data-e-type=\"column\">\n\t\t\t<div class=\"elementor-widget-wrap elementor-element-populated\">\n\t\t\t\t\t\t<div class=\"elementor-element elementor-element-eee5994 elementor-widget elementor-widget-heading\" data-id=\"eee5994\" data-element_type=\"widget\" data-e-type=\"widget\" data-widget_type=\"heading.default\">\n\t\t\t\t<div class=\"elementor-widget-container\">\n\t\t\t\t\t<h2 class=\"elementor-heading-title elementor-size-default\"><strong>Przyczepa kempingowa Niewiad\u00f3w<\/strong> \u2013 Lekka, por\u0119czna i idealna do islandzkich warunk\u00f3w<\/h2>\t\t\t\t<\/div>\n\t\t\t\t<\/div>\n\t\t\t\t<div class=\"elementor-element elementor-element-83ce69e elementor-widget elementor-widget-text-editor\" data-id=\"83ce69e\" data-element_type=\"widget\" data-e-type=\"widget\" data-widget_type=\"text-editor.default\">\n\t\t\t\t<div class=\"elementor-widget-container\">\n\t\t\t\t\t\t\t\t\t<p class=\"p1\">Przyczepy kempingowe <span class=\"s1\"><b>Niewiad\u00f3w<\/b><\/span> w wyj\u0105tkowy spos\u00f3b \u0142\u0105cz\u0105 lekko\u015b\u0107 i komfort. S\u0105 kompaktowe, \u0142atwe w holowaniu i odpowiednie dla wi\u0119kszo\u015bci samochod\u00f3w osobowych lub elektrycznych \u2013 <g id=\"gid_2\"><g id=\"gid_3\">bez konieczno\u015bci posiadania dodatkowego prawa jazdy<\/g><\/g>. Sprawia to, \u017ce s\u0105 doskona\u0142ym wyborem zar\u00f3wno dla pocz\u0105tkuj\u0105cych, jak i do\u015bwiadczonych podr\u00f3\u017cnik\u00f3w, kt\u00f3rzy ceni\u0105 sobie swobod\u0119 i elastyczno\u015b\u0107 podczas podr\u00f3\u017cy po Islandii.  <\/p><p class=\"p1\">Pomimo kompaktowych rozmiar\u00f3w, przyczepy te oferuj\u0105 <span class=\"s1\"><b>niesamowit\u0105 przestrze\u0144, \u015bwietn\u0105 organizacj\u0119 i wszystkie niezb\u0119dne udogodnienia<\/b><\/span>: miejsca do spania dla dw\u00f3ch do czterech os\u00f3b, aneks kuchenny, schowki, toalet\u0119 z prysznicem oraz jadalni\u0119. Niezale\u017cnie od tego, czy wybierasz si\u0119 na weekend, wakacje czy d\u0142u\u017cszy kemping \u2013 otrzymujesz prostego i niezawodnego towarzysza podr\u00f3\u017cy. <\/p><p>Sklep internetowy Leiguh\u00fdsi.is jest teraz dost\u0119pny na stronie <a href=\"https:\/\/kerrurogvagnar.is\/\" target=\"_blank\" rel=\"noopener\">KERRUROGVAGNAR.IS<\/a><\/p>\t\t\t\t\t\t\t\t<\/div>\n\t\t\t\t<\/div>\n\t\t\t\t<div class=\"elementor-element elementor-element-a034e36 elementor-widget__width-initial elementor-widget elementor-widget-qi_addons_for_elementor_button\" data-id=\"a034e36\" data-element_type=\"widget\" data-e-type=\"widget\" data-widget_type=\"qi_addons_for_elementor_button.default\">\n\t\t\t\t<div class=\"elementor-widget-container\">\n\t\t\t\t\t<a class=\"qodef-shortcode qodef-m qodef-qi-button qodef-html--link qodef-layout--filled qodef-type--standard qodef-icon--right qodef-hover--icon-move-horizontal-short\" href=\"https:\/\/kerrurogvagnar.is\/product-category\/hjolhysi\/\" target=\"_self\">\n\t<span class=\"qodef-m-text\">Zobacz sklep<\/span>\n\t\t<span class=\"qodef-m-icon\">\n\t\t<span class=\"qodef-m-icon-inner\">\n\t\t\t\t\t\t\t\t<\/span>\n\t<\/span>\n<\/a>\n\t\t\t\t<\/div>\n\t\t\t\t<\/div>\n\t\t\t\t\t<\/div>\n\t\t<\/div>\n\t\t\t\t<div class=\"elementor-column elementor-col-50 elementor-top-column elementor-element elementor-element-f470d33\" data-id=\"f470d33\" data-element_type=\"column\" data-e-type=\"column\">\n\t\t\t<div class=\"elementor-widget-wrap elementor-element-populated\">\n\t\t\t\t\t\t<div class=\"elementor-element elementor-element-474b846 elementor-widget__width-initial elementor-widget elementor-widget-image\" data-id=\"474b846\" data-element_type=\"widget\" data-e-type=\"widget\" data-widget_type=\"image.default\">\n\t\t\t\t<div class=\"elementor-widget-container\">\n\t\t\t\t\t\t\t\t\t\t\t\t\t\t\t<img fetchpriority=\"high\" decoding=\"async\" width=\"1024\" height=\"683\" src=\"https:\/\/leiguhysi.is\/wp-content\/uploads\/2025\/04\/Seria-Sport-1024x683.webp\" class=\"attachment-large size-large wp-image-1553\" alt=\"\" srcset=\"https:\/\/leiguhysi.is\/wp-content\/uploads\/2025\/04\/Seria-Sport-1024x683.webp 1024w, https:\/\/leiguhysi.is\/wp-content\/uploads\/2025\/04\/Seria-Sport-300x200.webp 300w, https:\/\/leiguhysi.is\/wp-content\/uploads\/2025\/04\/Seria-Sport-768x512.webp 768w, https:\/\/leiguhysi.is\/wp-content\/uploads\/2025\/04\/Seria-Sport-1536x1024.webp 1536w, https:\/\/leiguhysi.is\/wp-content\/uploads\/2025\/04\/Seria-Sport-600x400.webp 600w, https:\/\/leiguhysi.is\/wp-content\/uploads\/2025\/04\/Seria-Sport.webp 1600w\" sizes=\"(max-width: 1024px) 100vw, 1024px\" \/>\t\t\t\t\t\t\t\t\t\t\t\t\t\t\t<\/div>\n\t\t\t\t<\/div>\n\t\t\t\t\t<\/div>\n\t\t<\/div>\n\t\t\t\t\t<\/div>\n\t\t<\/section>\n\t\t<div class=\"elementor-element elementor-element-9bc56c5 e-flex e-con-boxed qodef-elementor-content-no e-con e-parent\" data-id=\"9bc56c5\" data-element_type=\"container\" data-e-type=\"container\">\n\t\t\t\t\t<div class=\"e-con-inner\">\n\t\t\t\t<div class=\"elementor-element elementor-element-8cf29ea elementor-widget elementor-widget-heading\" data-id=\"8cf29ea\" data-element_type=\"widget\" data-e-type=\"widget\" data-widget_type=\"heading.default\">\n\t\t\t\t<div class=\"elementor-widget-container\">\n\t\t\t\t\t<h2 class=\"elementor-heading-title elementor-size-default\">Dlaczego warto wybra\u0107 przyczep\u0119 kempingow\u0105 Niewiad\u00f3w?<\/h2>\t\t\t\t<\/div>\n\t\t\t\t<\/div>\n\t\t\t\t\t<\/div>\n\t\t\t\t<\/div>\n\t\t<div class=\"elementor-element elementor-element-e288dc3 e-flex e-con-boxed qodef-elementor-content-no e-con e-parent\" data-id=\"e288dc3\" data-element_type=\"container\" data-e-type=\"container\">\n\t\t\t\t\t<div class=\"e-con-inner\">\n\t\t<div class=\"elementor-element elementor-element-1e6ba27 e-con-full e-flex qodef-elementor-content-no e-con e-child\" data-id=\"1e6ba27\" data-element_type=\"container\" data-e-type=\"container\">\n\t\t\t\t<div class=\"elementor-element elementor-element-0ac633d elementor-view-default elementor-position-block-start elementor-mobile-position-block-start elementor-widget elementor-widget-icon-box\" data-id=\"0ac633d\" data-element_type=\"widget\" data-e-type=\"widget\" data-widget_type=\"icon-box.default\">\n\t\t\t\t<div class=\"elementor-widget-container\">\n\t\t\t\t\t\t\t<div class=\"elementor-icon-box-wrapper\">\n\n\t\t\t\t\t\t<div class=\"elementor-icon-box-icon\">\n\t\t\t\t<span  class=\"elementor-icon\">\n\t\t\t\t<svg xmlns=\"http:\/\/www.w3.org\/2000\/svg\" width=\"48\" height=\"48\" viewBox=\"0 0 48 48\"><g class=\"nc-icon-wrapper\" fill=\"#2d5648\" stroke-linecap=\"square\" stroke-linejoin=\"miter\" transform=\"translate(0.25 0.25)\"><path d=\"M46 18H44\" stroke=\"#2d5648\" stroke-width=\"3.5\" data-color=\"color-2\" fill=\"none\"><\/path><path d=\"M4.00001 18H2\" stroke=\"#2d5648\" stroke-width=\"3.5\" data-color=\"color-2\" fill=\"none\"><\/path><path d=\"M45 39V26.0838C45 24.0007 43.7086 22.136 41.7587 21.4033L40 20.7424L37.8166 12.9241C37.3339 11.1955 35.7588 10 33.964 10H14.036C12.2412 10 10.6661 11.1955 10.1834 12.9241L8 20.7424L6.24127 21.4033C4.29138 22.136 3 24.0007 3 26.0838V39C3 40.1046 3.89543 41 5 41H10C11.1046 41 12 40.1046 12 39V37H36V39C36 40.1046 36.8954 41 38 41H43C44.1046 41 45 40.1046 45 39Z\" stroke=\"#2d5648\" stroke-width=\"3.5\" data-cap=\"butt\" fill=\"none\" stroke-linecap=\"butt\"><\/path><path d=\"M12.3721 29.3285L8.12404 29.8595C7.52718 29.9341 7 29.4687 7 28.8672L7 26L15 26L15 26.3517C15 27.8646 13.8734 29.1408 12.3721 29.3285Z\" stroke=\"#2d5648\" stroke-width=\"3.5\" fill=\"none\"><\/path><path d=\"M35.6279 29.3285L39.876 29.8595C40.4728 29.9341 41 29.4687 41 28.8672L41 26L33 26L33 26.3517C33 27.8646 34.1266 29.1408 35.6279 29.3285Z\" stroke=\"#2d5648\" stroke-width=\"3.5\" fill=\"none\"><\/path><path d=\"M24.75 15L21 22H24H27L23.25 29\" stroke=\"#2d5648\" stroke-width=\"3.5\" data-color=\"color-2\" fill=\"none\"><\/path><\/g><\/svg>\t\t\t\t<\/span>\n\t\t\t<\/div>\n\t\t\t\n\t\t\t\t\t\t<div class=\"elementor-icon-box-content\">\n\n\t\t\t\t\t\t\t\t\t<h3 class=\"elementor-icon-box-title\">\n\t\t\t\t\t\t<span  >\n\t\t\t\t\t\t\tNie wymaga dodatkowego prawa jazdy\t\t\t\t\t\t<\/span>\n\t\t\t\t\t<\/h3>\n\t\t\t\t\n\t\t\t\t\t\t\t\t\t<p class=\"elementor-icon-box-description\">\n\t\t\t\t\t\tLekka i por\u0119czna \u2013 mo\u017cliwo\u015b\u0107 holowania wi\u0119kszo\u015bci\u0105 samochod\u00f3w osobowych bez dodatkowych uprawnie\u0144.\t\t\t\t\t<\/p>\n\t\t\t\t\n\t\t\t<\/div>\n\t\t\t\n\t\t<\/div>\n\t\t\t\t\t\t<\/div>\n\t\t\t\t<\/div>\n\t\t\t\t<\/div>\n\t\t<div class=\"elementor-element elementor-element-22bcf74 e-con-full e-flex qodef-elementor-content-no e-con e-child\" data-id=\"22bcf74\" data-element_type=\"container\" data-e-type=\"container\">\n\t\t\t\t<div class=\"elementor-element elementor-element-f677e98 elementor-view-default elementor-position-block-start elementor-mobile-position-block-start elementor-widget elementor-widget-icon-box\" data-id=\"f677e98\" data-element_type=\"widget\" data-e-type=\"widget\" data-widget_type=\"icon-box.default\">\n\t\t\t\t<div class=\"elementor-widget-container\">\n\t\t\t\t\t\t\t<div class=\"elementor-icon-box-wrapper\">\n\n\t\t\t\t\t\t<div class=\"elementor-icon-box-icon\">\n\t\t\t\t<span  class=\"elementor-icon\">\n\t\t\t\t<svg xmlns=\"http:\/\/www.w3.org\/2000\/svg\" width=\"48\" height=\"48\" viewBox=\"0 0 48 48\"><g class=\"nc-icon-wrapper\" fill=\"#2d5648\" stroke-linecap=\"square\" stroke-linejoin=\"miter\" transform=\"translate(0.25 0.25)\"><path d=\"M5 38H9\" stroke=\"#2d5648\" stroke-width=\"3.5\" data-color=\"color-2\" fill=\"none\"><\/path><path d=\"M5 28H9\" stroke=\"#2d5648\" stroke-width=\"3.5\" data-color=\"color-2\" fill=\"none\"><\/path><path d=\"M5 18H9\" stroke=\"#2d5648\" stroke-width=\"3.5\" data-color=\"color-2\" fill=\"none\"><\/path><path d=\"M5 33H7\" stroke=\"#2d5648\" stroke-width=\"3.5\" data-color=\"color-2\" fill=\"none\"><\/path><path d=\"M5 23H7\" stroke=\"#2d5648\" stroke-width=\"3.5\" data-color=\"color-2\" fill=\"none\"><\/path><path d=\"M5 13H7\" stroke=\"#2d5648\" stroke-width=\"3.5\" data-color=\"color-2\" fill=\"none\"><\/path><path d=\"M5 43V5L43 43H5Z\" stroke=\"#2d5648\" stroke-width=\"3.5\" fill=\"none\"><\/path><path d=\"M14 34V26L22 34H14Z\" stroke=\"#2d5648\" stroke-width=\"3.5\" fill=\"none\"><\/path><\/g><\/svg>\t\t\t\t<\/span>\n\t\t\t<\/div>\n\t\t\t\n\t\t\t\t\t\t<div class=\"elementor-icon-box-content\">\n\n\t\t\t\t\t\t\t\t\t<h3 class=\"elementor-icon-box-title\">\n\t\t\t\t\t\t<span  >\n\t\t\t\t\t\t\tKompaktowa na zewn\u0105trz, przestronna w \u015brodku\t\t\t\t\t\t<\/span>\n\t\t\t\t\t<\/h3>\n\t\t\t\t\n\t\t\t\t\t\t\t\t\t<p class=\"elementor-icon-box-description\">\n\t\t\t\t\t\tMimo kompaktowych wymiar\u00f3w, przyczepy oferuj\u0105 \u015bwietn\u0105 organizacj\u0119 przestrzeni i przytulne wn\u0119trze.\t\t\t\t\t<\/p>\n\t\t\t\t\n\t\t\t<\/div>\n\t\t\t\n\t\t<\/div>\n\t\t\t\t\t\t<\/div>\n\t\t\t\t<\/div>\n\t\t\t\t<\/div>\n\t\t<div class=\"elementor-element elementor-element-4e32618 e-con-full e-flex qodef-elementor-content-no e-con e-child\" data-id=\"4e32618\" data-element_type=\"container\" data-e-type=\"container\">\n\t\t\t\t<div class=\"elementor-element elementor-element-87b3fd6 elementor-view-default elementor-position-block-start elementor-mobile-position-block-start elementor-widget elementor-widget-icon-box\" data-id=\"87b3fd6\" data-element_type=\"widget\" data-e-type=\"widget\" data-widget_type=\"icon-box.default\">\n\t\t\t\t<div class=\"elementor-widget-container\">\n\t\t\t\t\t\t\t<div class=\"elementor-icon-box-wrapper\">\n\n\t\t\t\t\t\t<div class=\"elementor-icon-box-icon\">\n\t\t\t\t<span  class=\"elementor-icon\">\n\t\t\t\t<svg xmlns=\"http:\/\/www.w3.org\/2000\/svg\" width=\"48\" height=\"48\" viewBox=\"0 0 48 48\"><g class=\"nc-icon-wrapper\" fill=\"#2d5648\" stroke-linecap=\"square\" stroke-linejoin=\"miter\" transform=\"translate(0.25 0.25)\" stroke-miterlimit=\"10\"><path d=\"M46,44V28a4,4,0,0,0-4-4H6a4,4,0,0,0-4,4V43\" fill=\"none\" stroke=\"#2d5648\" stroke-width=\"3.5\"><\/path><line data-cap=\"butt\" x1=\"2\" y1=\"37.999\" x2=\"46\" y2=\"38\" fill=\"none\" stroke=\"#2d5648\" stroke-width=\"3.5\" stroke-linecap=\"butt\"><\/line><polyline points=\"42 19 42 5 6 5 6 19\" fill=\"none\" stroke=\"#2d5648\" stroke-width=\"3.5\"><\/polyline><polyline data-color=\"color-2\" points=\"13 19 13 14 24 14 24 19\" fill=\"none\" stroke=\"#2d5648\" stroke-width=\"3.5\"><\/polyline><polyline data-color=\"color-2\" points=\"24 19 24 14 35 14 35 19\" fill=\"none\" stroke=\"#2d5648\" stroke-width=\"3.5\"><\/polyline><line data-cap=\"butt\" x1=\"2\" y1=\"32\" x2=\"46\" y2=\"32\" fill=\"none\" stroke=\"#2d5648\" stroke-width=\"3.5\" stroke-linecap=\"butt\"><\/line><\/g><\/svg>\t\t\t\t<\/span>\n\t\t\t<\/div>\n\t\t\t\n\t\t\t\t\t\t<div class=\"elementor-icon-box-content\">\n\n\t\t\t\t\t\t\t\t\t<h3 class=\"elementor-icon-box-title\">\n\t\t\t\t\t\t<span  >\n\t\t\t\t\t\t\tMiejsca do spania i wygoda dla 2-4 os\u00f3b\t\t\t\t\t\t<\/span>\n\t\t\t\t\t<\/h3>\n\t\t\t\t\n\t\t\t\t\t\t\t\t\t<p class=\"elementor-icon-box-description\">\n\t\t\t\t\t\tPrzestronne miejsca do spania, jadalnia i aneks kuchenny czyni\u0105 przyczepy idealnymi na weekendowe i wakacyjne wyjazdy.\t\t\t\t\t<\/p>\n\t\t\t\t\n\t\t\t<\/div>\n\t\t\t\n\t\t<\/div>\n\t\t\t\t\t\t<\/div>\n\t\t\t\t<\/div>\n\t\t\t\t<\/div>\n\t\t<div class=\"elementor-element elementor-element-e38be49 e-con-full e-flex qodef-elementor-content-no e-con e-child\" data-id=\"e38be49\" data-element_type=\"container\" data-e-type=\"container\">\n\t\t\t\t<div class=\"elementor-element elementor-element-ce33d60 elementor-view-default elementor-position-block-start elementor-mobile-position-block-start elementor-widget elementor-widget-icon-box\" data-id=\"ce33d60\" data-element_type=\"widget\" data-e-type=\"widget\" data-widget_type=\"icon-box.default\">\n\t\t\t\t<div class=\"elementor-widget-container\">\n\t\t\t\t\t\t\t<div class=\"elementor-icon-box-wrapper\">\n\n\t\t\t\t\t\t<div class=\"elementor-icon-box-icon\">\n\t\t\t\t<span  class=\"elementor-icon\">\n\t\t\t\t<svg xmlns=\"http:\/\/www.w3.org\/2000\/svg\" width=\"48\" height=\"48\" viewBox=\"0 0 48 48\"><g class=\"nc-icon-wrapper\" fill=\"#2d5648\" stroke-linecap=\"square\" stroke-linejoin=\"miter\" transform=\"translate(0.25 0.25)\" stroke-miterlimit=\"10\"><path data-color=\"color-2\" d=\"M38,29.77l3.989,3.6a6.1,6.1,0,0,1,.224,8.84h0a6.1,6.1,0,0,1-8.84-.224L27.964,36\" fill=\"none\" stroke=\"#2d5648\" stroke-width=\"3.5\"><\/path><polyline data-cap=\"butt\" data-color=\"color-2\" points=\"22.225 18.69 15 11.464 15 9 9 3 3 9 9 15 11.464 15 18.51 22.046\" fill=\"none\" stroke=\"#2d5648\" stroke-width=\"3.5\" stroke-linecap=\"butt\"><\/polyline><path d=\"M44.514,10.391l-5.738,5.737-6.9-6.9,5.737-5.738a11.784,11.784,0,0,0-4.095-.456,10.806,10.806,0,0,0-9.878,9.877,11.763,11.763,0,0,0,.457,4.1L4,35.155a3.026,3.026,0,0,0-.111,4.384l4.575,4.575A3.026,3.026,0,0,0,12.845,44L31,23.907a11.763,11.763,0,0,0,4.1.457,10.806,10.806,0,0,0,9.877-9.878A11.784,11.784,0,0,0,44.514,10.391Z\" fill=\"none\" stroke=\"#2d5648\" stroke-width=\"3.5\"><\/path><\/g><\/svg>\t\t\t\t<\/span>\n\t\t\t<\/div>\n\t\t\t\n\t\t\t\t\t\t<div class=\"elementor-icon-box-content\">\n\n\t\t\t\t\t\t\t\t\t<h3 class=\"elementor-icon-box-title\">\n\t\t\t\t\t\t<span  >\n\t\t\t\t\t\t\tSolidna konstrukcja i trwa\u0142o\u015b\u0107\t\t\t\t\t\t<\/span>\n\t\t\t\t\t<\/h3>\n\t\t\t\t\n\t\t\t\t\t\t\t\t\t<p class=\"elementor-icon-box-description\">\n\t\t\t\t\t\tZaprojektowane z my\u015bl\u0105 o wytrzyma\u0142o\u015bci i prostocie \u2013 odporne na islandzkie warunki i zmienn\u0105 pogod\u0119.\t\t\t\t\t<\/p>\n\t\t\t\t\n\t\t\t<\/div>\n\t\t\t\n\t\t<\/div>\n\t\t\t\t\t\t<\/div>\n\t\t\t\t<\/div>\n\t\t\t\t<\/div>\n\t\t<div class=\"elementor-element elementor-element-1e91bb2 e-con-full e-flex qodef-elementor-content-no e-con e-child\" data-id=\"1e91bb2\" data-element_type=\"container\" data-e-type=\"container\">\n\t\t\t\t<div class=\"elementor-element elementor-element-ceb6c32 elementor-view-default elementor-position-block-start elementor-mobile-position-block-start elementor-widget elementor-widget-icon-box\" data-id=\"ceb6c32\" data-element_type=\"widget\" data-e-type=\"widget\" data-widget_type=\"icon-box.default\">\n\t\t\t\t<div class=\"elementor-widget-container\">\n\t\t\t\t\t\t\t<div class=\"elementor-icon-box-wrapper\">\n\n\t\t\t\t\t\t<div class=\"elementor-icon-box-icon\">\n\t\t\t\t<span  class=\"elementor-icon\">\n\t\t\t\t<svg xmlns=\"http:\/\/www.w3.org\/2000\/svg\" width=\"48\" height=\"48\" viewBox=\"0 0 48 48\"><g class=\"nc-icon-wrapper\" fill=\"#2d5648\" stroke-linecap=\"square\" stroke-linejoin=\"miter\" transform=\"translate(0.25 0.25)\" stroke-miterlimit=\"10\"><path d=\"M44.5 3.5L31.5 16.5\" stroke=\"#2d5648\" stroke-width=\"3.5\" data-color=\"color-2\" fill=\"none\"><\/path><path d=\"M36 5C36 3.34315 34.6569 2 33 2C31.3431 2 30 3.34315 30 5C30 6.65685 31.3431 8 33 8C34.6569 8 36 6.65685 36 5Z\" stroke=\"#2d5648\" stroke-width=\"3.5\" data-color=\"color-2\" fill=\"none\"><\/path><path d=\"M46 15C46 13.3431 44.6569 12 43 12C41.3431 12 40 13.3431 40 15C40 16.6569 41.3431 18 43 18C44.6569 18 46 16.6569 46 15Z\" stroke=\"#2d5648\" stroke-width=\"3.5\" data-color=\"color-2\" fill=\"none\"><\/path><path d=\"M3 30.5V38C3 40.7614 7.70101 43 13.5 43C19.299 43 24 40.7614 24 38V30.5\" stroke=\"#2d5648\" stroke-width=\"3.5\" fill=\"none\"><\/path><path d=\"M3 24V31C3 33.7614 7.70101 36 13.5 36C19.299 36 24 33.7614 24 31V24\" stroke=\"#2d5648\" stroke-width=\"3.5\" fill=\"none\" data-cap=\"butt\" stroke-linecap=\"butt\"><\/path><path d=\"M34.5 36C40.299 36 45 33.7614 45 31C45 28.2386 40.299 26 34.5 26C28.701 26 24 28.2386 24 31C24 33.7614 28.701 36 34.5 36Z\" stroke=\"#2d5648\" stroke-width=\"3.5\" fill=\"none\"><\/path><path d=\"M24 31V38C24 40.7614 28.701 43 34.5 43C40.299 43 45 40.7614 45 38V31\" stroke=\"#2d5648\" stroke-width=\"3.5\" fill=\"none\" data-cap=\"butt\" stroke-linecap=\"butt\"><\/path><path d=\"M13.5 29C19.299 29 24 26.7614 24 24C24 21.2386 19.299 19 13.5 19C7.70101 19 3 21.2386 3 24C3 26.7614 7.70101 29 13.5 29Z\" stroke=\"#2d5648\" stroke-width=\"3.5\" fill=\"none\"><\/path><path d=\"M33 31H36\" stroke=\"#2d5648\" stroke-width=\"3.5\" data-color=\"color-2\" fill=\"none\"><\/path><path d=\"M12 24H15\" stroke=\"#2d5648\" stroke-width=\"3.5\" data-color=\"color-2\" fill=\"none\"><\/path><\/g><\/svg>\t\t\t\t<\/span>\n\t\t\t<\/div>\n\t\t\t\n\t\t\t\t\t\t<div class=\"elementor-icon-box-content\">\n\n\t\t\t\t\t\t\t\t\t<h3 class=\"elementor-icon-box-title\">\n\t\t\t\t\t\t<span  >\n\t\t\t\t\t\t\tKorzystna cena i niskie koszty eksploatacji\t\t\t\t\t\t<\/span>\n\t\t\t\t\t<\/h3>\n\t\t\t\t\n\t\t\t\t\t\t\t\t\t<p class=\"elementor-icon-box-description\">\n\t\t\t\t\t\tDobra inwestycja dla os\u00f3b chc\u0105cych podr\u00f3\u017cowa\u0107 bez wysokich koszt\u00f3w \u2013 zar\u00f3wno zakupu, jak i utrzymania.\t\t\t\t\t<\/p>\n\t\t\t\t\n\t\t\t<\/div>\n\t\t\t\n\t\t<\/div>\n\t\t\t\t\t\t<\/div>\n\t\t\t\t<\/div>\n\t\t\t\t<\/div>\n\t\t<div class=\"elementor-element elementor-element-c78f46d e-con-full e-flex qodef-elementor-content-no e-con e-child\" data-id=\"c78f46d\" data-element_type=\"container\" data-e-type=\"container\">\n\t\t\t\t<div class=\"elementor-element elementor-element-230b010 elementor-view-default elementor-position-block-start elementor-mobile-position-block-start elementor-widget elementor-widget-icon-box\" data-id=\"230b010\" data-element_type=\"widget\" data-e-type=\"widget\" data-widget_type=\"icon-box.default\">\n\t\t\t\t<div class=\"elementor-widget-container\">\n\t\t\t\t\t\t\t<div class=\"elementor-icon-box-wrapper\">\n\n\t\t\t\t\t\t<div class=\"elementor-icon-box-icon\">\n\t\t\t\t<span  class=\"elementor-icon\">\n\t\t\t\t<svg xmlns=\"http:\/\/www.w3.org\/2000\/svg\" width=\"48\" height=\"48\" viewBox=\"0 0 48 48\"><g class=\"nc-icon-wrapper\" fill=\"#2d5648\" stroke-linecap=\"square\" stroke-linejoin=\"miter\" transform=\"translate(0.25 0.25)\" stroke-miterlimit=\"10\"><path d=\"M39,22h2a4,4,0,0,1,4,4V41a4,4,0,0,1-4,4H7a4,4,0,0,1-4-4V26a4,4,0,0,1,4-4H9\" fill=\"none\" stroke=\"#2d5648\" stroke-width=\"3.5\"><\/path><path data-color=\"color-2\" d=\"M39,12V25a4,4,0,0,1-4,4H13a4,4,0,0,1-4-4V12a4,4,0,0,1,4-4H35A4,4,0,0,1,39,12Z\" fill=\"none\" stroke=\"#2d5648\" stroke-width=\"3.5\"><\/path><line data-color=\"color-2\" x1=\"18\" y1=\"32\" x2=\"18\" y2=\"26\" fill=\"none\" stroke=\"#2d5648\" stroke-width=\"3.5\"><\/line><line data-color=\"color-2\" x1=\"30\" y1=\"32\" x2=\"30\" y2=\"26\" fill=\"none\" stroke=\"#2d5648\" stroke-width=\"3.5\"><\/line><line x1=\"9\" y1=\"34\" x2=\"9\" y2=\"45\" fill=\"none\" stroke=\"#2d5648\" stroke-width=\"3.5\"><\/line><line x1=\"39\" y1=\"34\" x2=\"39\" y2=\"45\" fill=\"none\" stroke=\"#2d5648\" stroke-width=\"3.5\"><\/line><path data-color=\"color-2\" d=\"M18,14V8A6,6,0,0,1,30,8v6\" fill=\"none\" stroke=\"#2d5648\" stroke-width=\"3.5\"><\/path><\/g><\/svg>\t\t\t\t<\/span>\n\t\t\t<\/div>\n\t\t\t\n\t\t\t\t\t\t<div class=\"elementor-icon-box-content\">\n\n\t\t\t\t\t\t\t\t\t<h3 class=\"elementor-icon-box-title\">\n\t\t\t\t\t\t<span  >\n\t\t\t\t\t\t\tIdealna dla pocz\u0105tkuj\u0105cych\t\t\t\t\t\t<\/span>\n\t\t\t\t\t<\/h3>\n\t\t\t\t\n\t\t\t\t\t\t\t\t\t<p class=\"elementor-icon-box-description\">\n\t\t\t\t\t\t\u0141atwy start \u2013 prosta obs\u0142uga i minimalna konserwacja sprawiaj\u0105, \u017ce jest to doskona\u0142a pierwsza przyczepa kempingowa.\t\t\t\t\t<\/p>\n\t\t\t\t\n\t\t\t<\/div>\n\t\t\t\n\t\t<\/div>\n\t\t\t\t\t\t<\/div>\n\t\t\t\t<\/div>\n\t\t\t\t<\/div>\n\t\t\t\t\t<\/div>\n\t\t\t\t<\/div>\n\t\t\t\t<\/div>\n\t\t","protected":false},"excerpt":{"rendered":"<p>Przyczepa kempingowa Niewiad\u00f3w \u2013 Lekka, por\u0119czna i idealna do islandzkich warunk\u00f3w Przyczepy kempingowe Niewiad\u00f3w w wyj\u0105tkowy spos\u00f3b \u0142\u0105cz\u0105 lekko\u015b\u0107 i komfort. S\u0105 kompaktowe, \u0142atwe w holowaniu i odpowiednie dla wi\u0119kszo\u015bci samochod\u00f3w osobowych lub elektrycznych \u2013 bez konieczno\u015bci posiadania dodatkowego prawa jazdy. Sprawia to, \u017ce s\u0105 doskona\u0142ym wyborem zar\u00f3wno dla pocz\u0105tkuj\u0105cych, jak i do\u015bwiadczonych podr\u00f3\u017cnik\u00f3w, kt\u00f3rzy [&hellip;]<\/p>\n","protected":false},"author":1,"featured_media":0,"parent":0,"menu_order":0,"comment_status":"closed","ping_status":"closed","template":"","meta":{"_acf_changed":false,"content-type":"","om_disable_all_campaigns":false,"_monsterinsights_skip_tracking":false,"_monsterinsights_sitenote_active":false,"_monsterinsights_sitenote_note":"","_monsterinsights_sitenote_category":0,"footnotes":""},"class_list":["post-2420","page","type-page","status-publish","hentry"],"acf":[],"aioseo_notices":[],"_links":{"self":[{"href":"https:\/\/leiguhysi.is\/pl\/wp-json\/wp\/v2\/pages\/2420","targetHints":{"allow":["GET"]}}],"collection":[{"href":"https:\/\/leiguhysi.is\/pl\/wp-json\/wp\/v2\/pages"}],"about":[{"href":"https:\/\/leiguhysi.is\/pl\/wp-json\/wp\/v2\/types\/page"}],"author":[{"embeddable":true,"href":"https:\/\/leiguhysi.is\/pl\/wp-json\/wp\/v2\/users\/1"}],"replies":[{"embeddable":true,"href":"https:\/\/leiguhysi.is\/pl\/wp-json\/wp\/v2\/comments?post=2420"}],"version-history":[{"count":6,"href":"https:\/\/leiguhysi.is\/pl\/wp-json\/wp\/v2\/pages\/2420\/revisions"}],"predecessor-version":[{"id":2791,"href":"https:\/\/leiguhysi.is\/pl\/wp-json\/wp\/v2\/pages\/2420\/revisions\/2791"}],"wp:attachment":[{"href":"https:\/\/leiguhysi.is\/pl\/wp-json\/wp\/v2\/media?parent=2420"}],"curies":[{"name":"wp","href":"https:\/\/api.w.org\/{rel}","templated":true}]}}