{"id":2399,"date":"2020-11-03T08:41:37","date_gmt":"2020-11-03T08:41:37","guid":{"rendered":"https:\/\/leiguhysi.is\/o-nas\/"},"modified":"2025-10-28T03:03:50","modified_gmt":"2025-10-28T03:03:50","slug":"o-nas","status":"publish","type":"page","link":"https:\/\/leiguhysi.is\/pl\/o-nas\/","title":{"rendered":"O nas"},"content":{"rendered":"\t\t<div data-elementor-type=\"wp-page\" data-elementor-id=\"2399\" class=\"elementor elementor-2399 elementor-270\" data-elementor-post-type=\"page\">\n\t\t\t\t\t\t<section class=\"elementor-section elementor-top-section elementor-element elementor-element-5d5b384 elementor-section-content-middle qodef-elementor-content-grid elementor-section-boxed elementor-section-height-default elementor-section-height-default\" data-id=\"5d5b384\" data-element_type=\"section\" data-e-type=\"section\">\n\t\t\t\t\t\t<div class=\"elementor-container elementor-column-gap-default\">\n\t\t\t\t\t<div class=\"elementor-column elementor-col-50 elementor-top-column elementor-element elementor-element-cd7c9db\" data-id=\"cd7c9db\" data-element_type=\"column\" data-e-type=\"column\">\n\t\t\t<div class=\"elementor-widget-wrap elementor-element-populated\">\n\t\t\t\t\t\t<div class=\"elementor-element elementor-element-2334db7 elementor-widget elementor-widget-heading\" data-id=\"2334db7\" data-element_type=\"widget\" data-e-type=\"widget\" data-widget_type=\"heading.default\">\n\t\t\t\t<div class=\"elementor-widget-container\">\n\t\t\t\t\t<h2 class=\"elementor-heading-title elementor-size-default\">O nas<\/h2>\t\t\t\t<\/div>\n\t\t\t\t<\/div>\n\t\t\t\t<div class=\"elementor-element elementor-element-d105d2c elementor-widget elementor-widget-text-editor\" data-id=\"d105d2c\" data-element_type=\"widget\" data-e-type=\"widget\" data-widget_type=\"text-editor.default\">\n\t\t\t\t<div class=\"elementor-widget-container\">\n\t\t\t\t\t\t\t\t\t<p class=\"p1\">Leiguhysi ehf. to islandzka firma rodzinna specjalizuj\u0105ca si\u0119 w wynajmie i sprzeda\u017cy przyczep kempingowych i innych przyczep marki Niewiadow. Dok\u0142adamy wszelkich stara\u0144, aby oferowa\u0107 wysokiej jako\u015bci przyczepy w przyst\u0119pnych cenach, dostosowane do islandzkich warunk\u00f3w \u2013 niezale\u017cnie od tego, czy planujesz weekendowy wyjazd, wakacje letnie czy po prostu przygod\u0119 w nieznane.<\/p><p class=\"p1\">Wierzymy, \u017ce podr\u00f3\u017c jest najlepsza, gdy jest prosta, wygodna i na Twoich w\u0142asnych warunkach. Dlatego wybrali\u015bmy wysokiej jako\u015bci przyczepy, po\u0142o\u017cyli\u015bmy nacisk na dobr\u0105 obs\u0142ug\u0119 i zapewnili\u015bmy, \u017ce nasza us\u0142uga jest zar\u00f3wno spersonalizowana, jak i niezawodna.<\/p>\t\t\t\t\t\t\t\t<\/div>\n\t\t\t\t<\/div>\n\t\t\t\t\t<\/div>\n\t\t<\/div>\n\t\t\t\t<div class=\"elementor-column elementor-col-50 elementor-top-column elementor-element elementor-element-ce25beb\" data-id=\"ce25beb\" data-element_type=\"column\" data-e-type=\"column\">\n\t\t\t<div class=\"elementor-widget-wrap elementor-element-populated\">\n\t\t\t\t\t\t<div class=\"elementor-element elementor-element-7a05db2 elementor-widget elementor-widget-image\" data-id=\"7a05db2\" data-element_type=\"widget\" data-e-type=\"widget\" data-widget_type=\"image.default\">\n\t\t\t\t<div class=\"elementor-widget-container\">\n\t\t\t\t\t\t\t\t\t\t\t\t\t\t\t<img fetchpriority=\"high\" decoding=\"async\" width=\"1024\" height=\"683\" src=\"https:\/\/leiguhysi.is\/wp-content\/uploads\/2025\/04\/valahnukur-viewpoint-hiking-trail-with-mountain-va-2025-03-25-23-03-03-utc-1024x683.jpg\" class=\"attachment-large size-large wp-image-1440\" alt=\"\" srcset=\"https:\/\/leiguhysi.is\/wp-content\/uploads\/2025\/04\/valahnukur-viewpoint-hiking-trail-with-mountain-va-2025-03-25-23-03-03-utc-1024x683.jpg 1024w, https:\/\/leiguhysi.is\/wp-content\/uploads\/2025\/04\/valahnukur-viewpoint-hiking-trail-with-mountain-va-2025-03-25-23-03-03-utc-300x200.jpg 300w, https:\/\/leiguhysi.is\/wp-content\/uploads\/2025\/04\/valahnukur-viewpoint-hiking-trail-with-mountain-va-2025-03-25-23-03-03-utc-768x512.jpg 768w, https:\/\/leiguhysi.is\/wp-content\/uploads\/2025\/04\/valahnukur-viewpoint-hiking-trail-with-mountain-va-2025-03-25-23-03-03-utc-1536x1024.jpg 1536w, https:\/\/leiguhysi.is\/wp-content\/uploads\/2025\/04\/valahnukur-viewpoint-hiking-trail-with-mountain-va-2025-03-25-23-03-03-utc-600x400.jpg 600w, https:\/\/leiguhysi.is\/wp-content\/uploads\/2025\/04\/valahnukur-viewpoint-hiking-trail-with-mountain-va-2025-03-25-23-03-03-utc.jpg 1920w\" sizes=\"(max-width: 1024px) 100vw, 1024px\" \/>\t\t\t\t\t\t\t\t\t\t\t\t\t\t\t<\/div>\n\t\t\t\t<\/div>\n\t\t\t\t\t<\/div>\n\t\t<\/div>\n\t\t\t\t\t<\/div>\n\t\t<\/section>\n\t\t\t\t<section class=\"elementor-section elementor-top-section elementor-element elementor-element-660da59 qodef-elementor-content-grid elementor-section-boxed elementor-section-height-default elementor-section-height-default\" data-id=\"660da59\" data-element_type=\"section\" data-e-type=\"section\" data-settings=\"{&quot;background_background&quot;:&quot;classic&quot;}\">\n\t\t\t\t\t\t\t<div class=\"elementor-background-overlay\"><\/div>\n\t\t\t\t\t\t\t<div class=\"elementor-container elementor-column-gap-default\">\n\t\t\t\t\t<div class=\"elementor-column elementor-col-100 elementor-top-column elementor-element elementor-element-9ce8d42\" data-id=\"9ce8d42\" data-element_type=\"column\" data-e-type=\"column\">\n\t\t\t<div class=\"elementor-widget-wrap elementor-element-populated\">\n\t\t\t\t\t\t<div class=\"elementor-element elementor-element-dde0604 elementor-widget__width-initial elementor-widget-tablet__width-initial elementor-widget-mobile__width-inherit elementor-widget elementor-widget-qi_addons_for_elementor_section_title\" data-id=\"dde0604\" data-element_type=\"widget\" data-e-type=\"widget\" data-widget_type=\"qi_addons_for_elementor_section_title.default\">\n\t\t\t\t<div class=\"elementor-widget-container\">\n\t\t\t\t\t<div class=\"qodef-shortcode qodef-m qodef-qi-section-title qodef-decoration--italic qodef-link--underline-draw qodef-subtitle-icon--left\">\n\t\t\t\t\t\t<h1 class=\"qodef-m-title\">\n\t\tWynajem i sprzeda\u017c lekkich przyczep kempingowych, kt\u00f3re ka\u017cdy mo\u017ce holowa\u0107 bez konieczno\u015bci posiadania dodatkowych uprawnie\u0144.\t<\/h1>\n\t\t\t<\/div>\n\t\t\t\t<\/div>\n\t\t\t\t<\/div>\n\t\t\t\t\t<\/div>\n\t\t<\/div>\n\t\t\t\t\t<\/div>\n\t\t<\/section>\n\t\t<div class=\"elementor-element elementor-element-f7478a8 e-flex e-con-boxed qodef-elementor-content-no e-con e-parent\" data-id=\"f7478a8\" data-element_type=\"container\" data-e-type=\"container\">\n\t\t\t\t\t<div class=\"e-con-inner\">\n\t\t\t\t<div class=\"elementor-element elementor-element-f7932e7 elementor-position-left elementor-widget__width-initial elementor-vertical-align-top elementor-widget elementor-widget-image-box\" data-id=\"f7932e7\" data-element_type=\"widget\" data-e-type=\"widget\" data-widget_type=\"image-box.default\">\n\t\t\t\t<div class=\"elementor-widget-container\">\n\t\t\t\t\t<div class=\"elementor-image-box-wrapper\"><figure class=\"elementor-image-box-img\"><img decoding=\"async\" width=\"230\" height=\"382\" src=\"https:\/\/leiguhysi.is\/wp-content\/uploads\/2025\/05\/portrett-3.png\" class=\"attachment-full size-full wp-image-2409\" alt=\"\" srcset=\"https:\/\/leiguhysi.is\/wp-content\/uploads\/2025\/05\/portrett-3.png 230w, https:\/\/leiguhysi.is\/wp-content\/uploads\/2025\/05\/portrett-3-181x300.png 181w\" sizes=\"(max-width: 230px) 100vw, 230px\" \/><\/figure><div class=\"elementor-image-box-content\"><h3 class=\"elementor-image-box-title\">\u00d3skar Steind\u00f3rsson<\/h3><p class=\"elementor-image-box-description\"><b>W\u0142a\u015bciciel i dyrektor generalny Leiguhysi.is<br><\/b><br>\u00d3skar jest wykwalifikowanym ratownikiem medycznym i stra\u017cakiem, pracuj\u0105cym w tej roli w regionie sto\u0142ecznym przez ostatnie 22 lata. Posiada r\u00f3wnie\u017c mi\u0119dzynarodowy certyfikat IMPA jako kierownik projekt\u00f3w. Leiguhysi.is to projekt, kt\u00f3ry rozpocz\u0105\u0142 na pocz\u0105tku 2025 roku i w kr\u00f3tkim czasie rozwin\u0105\u0142 si\u0119 od koncepcji do firmy posiadaj\u0105cej przedstawicielstwo du\u017cego zagranicznego producenta przyczep.<br>Pomys\u0142 na firm\u0119 narodzi\u0142 si\u0119 z jego pasji do aktywno\u015bci na \u015bwie\u017cym powietrzu z rodzin\u0105, islandzkiej przyrody i kemping\u00f3w. Wielu Islandczyk\u00f3w nie zdaje sobie sprawy z ogranicze\u0144 dotycz\u0105cych masy przyczep i je\u017adzi po drogach Islandii ze zbyt ci\u0119\u017ckimi przyczepami bez uprawnie\u0144 BE, tzw. prawa jazdy na przyczepy. Wi\u0105\u017ce si\u0119 to z kosztami i co najmniej 4 godzinami jazdy, co jest niepotrzebne, gdy chce si\u0119 wynaj\u0105\u0107 przyczep\u0119 i zwiedza\u0107 nasz\u0105 pi\u0119kn\u0105 Islandi\u0119 przez tydzie\u0144 lub dwa w roku.<br>Leiguhysi.is oferuje teraz Islandczykom przyczepy kempingowe o dopuszczalnej masie ca\u0142kowitej poni\u017cej 750 kg, dzi\u0119ki czemu ka\u017cdy posiadacz zwyk\u0142ego prawa jazdy mo\u017ce bez obaw wyruszy\u0107 na kemping w przyst\u0119pnej cenie.<br>\u017bycie jest kr\u00f3tkie, powinno by\u0107 przyjemne i nale\u017cy chwyta\u0107 ka\u017cd\u0105 okazj\u0119 do tworzenia dobrych wspomnie\u0144.<\/p><\/div><\/div>\t\t\t\t<\/div>\n\t\t\t\t<\/div>\n\t\t\t\t\t<\/div>\n\t\t\t\t<\/div>\n\t\t\t\t<\/div>\n\t\t","protected":false},"excerpt":{"rendered":"<p>O nas Leiguhysi ehf. to islandzka firma rodzinna specjalizuj\u0105ca si\u0119 w wynajmie i sprzeda\u017cy przyczep kempingowych i innych przyczep marki Niewiadow. Dok\u0142adamy wszelkich stara\u0144, aby oferowa\u0107 wysokiej jako\u015bci przyczepy w przyst\u0119pnych cenach, dostosowane do islandzkich warunk\u00f3w \u2013 niezale\u017cnie od tego, czy planujesz weekendowy wyjazd, wakacje letnie czy po prostu przygod\u0119 w nieznane. Wierzymy, \u017ce podr\u00f3\u017c [&hellip;]<\/p>\n","protected":false},"author":1,"featured_media":0,"parent":0,"menu_order":0,"comment_status":"closed","ping_status":"closed","template":"qi-full-width.php","meta":{"_acf_changed":false,"content-type":"","om_disable_all_campaigns":false,"_monsterinsights_skip_tracking":false,"_monsterinsights_sitenote_active":false,"_monsterinsights_sitenote_note":"","_monsterinsights_sitenote_category":0,"footnotes":""},"class_list":["post-2399","page","type-page","status-publish","hentry"],"acf":[],"aioseo_notices":[],"_links":{"self":[{"href":"https:\/\/leiguhysi.is\/pl\/wp-json\/wp\/v2\/pages\/2399","targetHints":{"allow":["GET"]}}],"collection":[{"href":"https:\/\/leiguhysi.is\/pl\/wp-json\/wp\/v2\/pages"}],"about":[{"href":"https:\/\/leiguhysi.is\/pl\/wp-json\/wp\/v2\/types\/page"}],"author":[{"embeddable":true,"href":"https:\/\/leiguhysi.is\/pl\/wp-json\/wp\/v2\/users\/1"}],"replies":[{"embeddable":true,"href":"https:\/\/leiguhysi.is\/pl\/wp-json\/wp\/v2\/comments?post=2399"}],"version-history":[{"count":1,"href":"https:\/\/leiguhysi.is\/pl\/wp-json\/wp\/v2\/pages\/2399\/revisions"}],"predecessor-version":[{"id":2410,"href":"https:\/\/leiguhysi.is\/pl\/wp-json\/wp\/v2\/pages\/2399\/revisions\/2410"}],"wp:attachment":[{"href":"https:\/\/leiguhysi.is\/pl\/wp-json\/wp\/v2\/media?parent=2399"}],"curies":[{"name":"wp","href":"https:\/\/api.w.org\/{rel}","templated":true}]}}