{"id":2384,"date":"2020-11-03T10:22:23","date_gmt":"2020-11-03T10:22:23","guid":{"rendered":"https:\/\/leiguhysi.is\/kontakt\/"},"modified":"2026-03-04T22:34:47","modified_gmt":"2026-03-04T22:34:47","slug":"kontakt","status":"publish","type":"page","link":"https:\/\/leiguhysi.is\/pl\/kontakt\/","title":{"rendered":"Kontakt"},"content":{"rendered":"\t\t<div data-elementor-type=\"wp-page\" data-elementor-id=\"2384\" class=\"elementor elementor-2384 elementor-306\" data-elementor-post-type=\"page\">\n\t\t\t\t\t\t<section class=\"elementor-section elementor-top-section elementor-element elementor-element-d0093cd elementor-section-content-middle qodef-elementor-content-grid elementor-section-boxed elementor-section-height-default elementor-section-height-default\" data-id=\"d0093cd\" data-element_type=\"section\" data-e-type=\"section\">\n\t\t\t\t\t\t<div class=\"elementor-container elementor-column-gap-default\">\n\t\t\t\t\t<div class=\"elementor-column elementor-col-50 elementor-top-column elementor-element elementor-element-1287477\" data-id=\"1287477\" data-element_type=\"column\" data-e-type=\"column\">\n\t\t\t<div class=\"elementor-widget-wrap elementor-element-populated\">\n\t\t\t\t\t\t<div class=\"elementor-element elementor-element-3738bc3 elementor-widget elementor-widget-text-editor\" data-id=\"3738bc3\" data-element_type=\"widget\" data-e-type=\"widget\" data-widget_type=\"text-editor.default\">\n\t\t\t\t<div class=\"elementor-widget-container\">\n\t\t\t\t\t\t\t\t\t<p>Chcesz uzyska\u0107 wi\u0119cej informacji o naszych przyczepach, zarezerwowa\u0107 wyjazd lub po prostu zapyta\u0107, co b\u0119dzie dla Ciebie najlepsze? Nie wahaj si\u0119 z nami skontaktowa\u0107 \u2013 odpowiadamy szybko i dok\u0142adamy wszelkich stara\u0144, aby zapewni\u0107 profesjonaln\u0105 i spersonalizowan\u0105 obs\u0142ug\u0119. <\/p><p>Skontaktuj si\u0119 z nami przez e-mail, telefon lub wype\u0142niaj\u0105c formularz na tej stronie.<\/p><p class=\"p1\"><b>\ud83d\udccd Adres:<\/b><b><\/b><\/p><p class=\"p2\">Leiguhysi ehf.<\/p><p class=\"p2\">Smi\u00f0sh\u00f6f\u00f0i 23, 110 Reykjav\u00edk, Islandia.<\/p><p class=\"p1\"><b>\ud83d\udcde Telefon: <\/b><b><\/b>899 3930 &#8211; W dni robocze w godzinach 10:00-18:00<\/p><p class=\"p1\"><b>\u2709\ufe0f E-mail: <\/b><b><\/b><a href=\"mailto:leiguhysi@leiguhysi.is\">leiguhysi@leiguhysi.is<\/a><\/p>\t\t\t\t\t\t\t\t<\/div>\n\t\t\t\t<\/div>\n\t\t\t\t<div class=\"elementor-element elementor-element-c9b7338 elementor-widget elementor-widget-google_maps\" data-id=\"c9b7338\" data-element_type=\"widget\" data-e-type=\"widget\" data-widget_type=\"google_maps.default\">\n\t\t\t\t<div class=\"elementor-widget-container\">\n\t\t\t\t\t\t\t<div class=\"elementor-custom-embed\">\n\t\t\t<iframe loading=\"lazy\"\n\t\t\t\t\tsrc=\"https:\/\/maps.google.com\/maps?q=Smi%C3%B0sh%C3%B6f%C3%B0i%2023%2C%20110%20Reykjav%C3%ADk%2C%20Iceland.&#038;t=m&#038;z=15&#038;output=embed&#038;iwloc=near\"\n\t\t\t\t\ttitle=\"Smi\u00f0sh\u00f6f\u00f0i 23, 110 Reykjav\u00edk, Iceland.\"\n\t\t\t\t\taria-label=\"Smi\u00f0sh\u00f6f\u00f0i 23, 110 Reykjav\u00edk, Iceland.\"\n\t\t\t><\/iframe>\n\t\t<\/div>\n\t\t\t\t\t\t<\/div>\n\t\t\t\t<\/div>\n\t\t\t\t\t<\/div>\n\t\t<\/div>\n\t\t\t\t<div class=\"elementor-column elementor-col-50 elementor-top-column elementor-element elementor-element-50b6810\" data-id=\"50b6810\" data-element_type=\"column\" data-e-type=\"column\">\n\t\t\t<div class=\"elementor-widget-wrap elementor-element-populated\">\n\t\t\t\t\t\t<div class=\"elementor-element elementor-element-da95fc2 elementor-widget-tablet__width-inherit elementor-widget elementor-widget-qi_addons_for_elementor_section_title\" data-id=\"da95fc2\" data-element_type=\"widget\" data-e-type=\"widget\" data-widget_type=\"qi_addons_for_elementor_section_title.default\">\n\t\t\t\t<div class=\"elementor-widget-container\">\n\t\t\t\t\t<div class=\"qodef-shortcode qodef-m qodef-qi-section-title qodef-decoration--italic qodef-link--underline-draw qodef-subtitle-icon--left\">\n\t\t\t\t\t\t<h2 class=\"qodef-m-title\">\n\t\tKontakt\t<\/h2>\n\t\t\t<div class=\"qodef-m-text\"><p>Jeste\u015bmy tu, aby pom\u00f3c \u2013 \u017cadne pytanie nie jest zbyt ma\u0142e!<\/p><\/div>\n\t<\/div>\n\t\t\t\t<\/div>\n\t\t\t\t<\/div>\n\t\t\t\t<div class=\"elementor-element elementor-element-8148cfc elementor-widget elementor-widget-qi_addons_for_elementor_contact_form_7\" data-id=\"8148cfc\" data-element_type=\"widget\" data-e-type=\"widget\" data-widget_type=\"qi_addons_for_elementor_contact_form_7.default\">\n\t\t\t\t<div class=\"elementor-widget-container\">\n\t\t\t\t\t<div class=\"qodef-shortcode qodef-m qodef-qi-contact-form-7\">\n\t\n<div class=\"wpcf7 no-js\" id=\"wpcf7-f2746-o1\" lang=\"pl-PL\" dir=\"ltr\" data-wpcf7-id=\"2746\">\n<div class=\"screen-reader-response\"><p role=\"status\" aria-live=\"polite\" aria-atomic=\"true\"><\/p> <ul><\/ul><\/div>\n<form action=\"\/pl\/wp-json\/wp\/v2\/pages\/2384#wpcf7-f2746-o1\" method=\"post\" class=\"wpcf7-form init\" aria-label=\"Formularz kontaktowy\" novalidate=\"novalidate\" data-status=\"init\">\n<fieldset class=\"hidden-fields-container\"><input type=\"hidden\" name=\"_wpcf7\" value=\"2746\" \/><input type=\"hidden\" name=\"_wpcf7_version\" value=\"6.1.5\" \/><input type=\"hidden\" name=\"_wpcf7_locale\" value=\"pl_PL\" \/><input type=\"hidden\" name=\"_wpcf7_unit_tag\" value=\"wpcf7-f2746-o1\" \/><input type=\"hidden\" name=\"_wpcf7_container_post\" value=\"0\" \/><input type=\"hidden\" name=\"_wpcf7_posted_data_hash\" value=\"\" \/>\n<\/fieldset>\n<label> Imi\u0119 i nazwisko\n    <span class=\"wpcf7-form-control-wrap\" data-name=\"your-name\"><input size=\"40\" maxlength=\"400\" class=\"wpcf7-form-control wpcf7-text wpcf7-validates-as-required\" aria-required=\"true\" aria-invalid=\"false\" value=\"\" type=\"text\" name=\"your-name\" \/><\/span> <\/label>\n\n<label style=\"margin-top:12px;\"> E-mail\n    <span class=\"wpcf7-form-control-wrap\" data-name=\"your-email\"><input size=\"40\" maxlength=\"400\" class=\"wpcf7-form-control wpcf7-email wpcf7-validates-as-required wpcf7-text wpcf7-validates-as-email\" aria-required=\"true\" aria-invalid=\"false\" value=\"\" type=\"email\" name=\"your-email\" \/><\/span> <\/label>\n\n<label style=\"margin-top:12px;\"> Wiadomo\u015b\u0107\n    <span class=\"wpcf7-form-control-wrap\" data-name=\"your-message\"><textarea cols=\"20\" rows=\"4\" maxlength=\"2000\" class=\"wpcf7-form-control wpcf7-textarea\" aria-invalid=\"false\" name=\"your-message\"><\/textarea><\/span> <\/label>\n\n<div style=\"margin-top:30px;\"><input class=\"wpcf7-form-control wpcf7-submit has-spinner\" type=\"submit\" value=\"Wy\u015blij wiadomo\u015b\u0107\" \/><\/div><div class=\"wpcf7-response-output\" aria-hidden=\"true\"><\/div>\n<\/form>\n<\/div>\n<\/div>\n\t\t\t\t<\/div>\n\t\t\t\t<\/div>\n\t\t\t\t\t<\/div>\n\t\t<\/div>\n\t\t\t\t\t<\/div>\n\t\t<\/section>\n\t\t\t\t<\/div>\n\t\t","protected":false},"excerpt":{"rendered":"<p>Chcesz uzyska\u0107 wi\u0119cej informacji o naszych przyczepach, zarezerwowa\u0107 wyjazd lub po prostu zapyta\u0107, co b\u0119dzie dla Ciebie najlepsze? Nie wahaj si\u0119 z nami skontaktowa\u0107 \u2013 odpowiadamy szybko i dok\u0142adamy wszelkich stara\u0144, aby zapewni\u0107 profesjonaln\u0105 i spersonalizowan\u0105 obs\u0142ug\u0119. Skontaktuj si\u0119 z nami przez e-mail, telefon lub wype\u0142niaj\u0105c formularz na tej stronie. \ud83d\udccd Adres: Leiguhysi ehf. Smi\u00f0sh\u00f6f\u00f0i [&hellip;]<\/p>\n","protected":false},"author":1,"featured_media":0,"parent":0,"menu_order":0,"comment_status":"closed","ping_status":"closed","template":"qi-full-width.php","meta":{"_acf_changed":false,"content-type":"","om_disable_all_campaigns":false,"_monsterinsights_skip_tracking":false,"_monsterinsights_sitenote_active":false,"_monsterinsights_sitenote_note":"","_monsterinsights_sitenote_category":0,"footnotes":""},"class_list":["post-2384","page","type-page","status-publish","hentry"],"acf":[],"aioseo_notices":[],"_links":{"self":[{"href":"https:\/\/leiguhysi.is\/pl\/wp-json\/wp\/v2\/pages\/2384","targetHints":{"allow":["GET"]}}],"collection":[{"href":"https:\/\/leiguhysi.is\/pl\/wp-json\/wp\/v2\/pages"}],"about":[{"href":"https:\/\/leiguhysi.is\/pl\/wp-json\/wp\/v2\/types\/page"}],"author":[{"embeddable":true,"href":"https:\/\/leiguhysi.is\/pl\/wp-json\/wp\/v2\/users\/1"}],"replies":[{"embeddable":true,"href":"https:\/\/leiguhysi.is\/pl\/wp-json\/wp\/v2\/comments?post=2384"}],"version-history":[{"count":9,"href":"https:\/\/leiguhysi.is\/pl\/wp-json\/wp\/v2\/pages\/2384\/revisions"}],"predecessor-version":[{"id":3378,"href":"https:\/\/leiguhysi.is\/pl\/wp-json\/wp\/v2\/pages\/2384\/revisions\/3378"}],"wp:attachment":[{"href":"https:\/\/leiguhysi.is\/pl\/wp-json\/wp\/v2\/media?parent=2384"}],"curies":[{"name":"wp","href":"https:\/\/api.w.org\/{rel}","templated":true}]}}