{"id":2244,"date":"2020-11-03T11:52:53","date_gmt":"2020-11-03T11:52:53","guid":{"rendered":"https:\/\/leiguhysi.is\/wynajem\/"},"modified":"2025-10-28T03:01:58","modified_gmt":"2025-10-28T03:01:58","slug":"wynajem","status":"publish","type":"page","link":"https:\/\/leiguhysi.is\/pl\/wynajem\/","title":{"rendered":"Wynajem"},"content":{"rendered":"\t\t<div data-elementor-type=\"wp-page\" data-elementor-id=\"2244\" class=\"elementor elementor-2244 elementor-335\" data-elementor-post-type=\"page\">\n\t\t\t\t<div class=\"elementor-element elementor-element-460de43 e-flex e-con-boxed qodef-elementor-content-no e-con e-parent\" data-id=\"460de43\" data-element_type=\"container\" data-e-type=\"container\">\n\t\t\t\t\t<div class=\"e-con-inner\">\n\t\t\t\t<div class=\"elementor-element elementor-element-17fe6ce elementor-widget elementor-widget-text-editor\" data-id=\"17fe6ce\" data-element_type=\"widget\" data-e-type=\"widget\" data-widget_type=\"text-editor.default\">\n\t\t\t\t<div class=\"elementor-widget-container\">\n\t\t\t\t\t\t\t\t\t<p class=\"p1\"><b>Co lepiej pasuje do kr\u00f3tkiego postoju czy d\u0142u\u017cszego urlopu?<\/b><b><\/b><\/p><p class=\"p2\">Zobacz nasze przyczepy w zale\u017cno\u015bci od d\u0142ugo\u015bci Twojej podr\u00f3\u017cy.<\/p><p><span style=\"text-decoration: underline;\"><em><strong>Wynajem kr\u00f3tkoterminowy jest dost\u0119pny do 2 lipca i zostanie ponownie otwarty po po\u0142owie sierpnia<\/strong><\/em><\/span><\/p>\t\t\t\t\t\t\t\t<\/div>\n\t\t\t\t<\/div>\n\t\t\t\t\t<\/div>\n\t\t\t\t<\/div>\n\t\t<div class=\"elementor-element elementor-element-ed88440 e-grid e-con-boxed qodef-elementor-content-no e-con e-parent\" data-id=\"ed88440\" data-element_type=\"container\" data-e-type=\"container\">\n\t\t\t\t\t<div class=\"e-con-inner\">\n\t\t<div class=\"elementor-element elementor-element-df1b052 e-con-full e-flex qodef-elementor-content-no e-con e-child\" data-id=\"df1b052\" data-element_type=\"container\" data-e-type=\"container\">\n\t\t\t\t<div class=\"elementor-element elementor-element-dbc3bc4 elementor-widget elementor-widget-qi_addons_for_elementor_button\" data-id=\"dbc3bc4\" data-element_type=\"widget\" data-e-type=\"widget\" data-widget_type=\"qi_addons_for_elementor_button.default\">\n\t\t\t\t<div class=\"elementor-widget-container\">\n\t\t\t\t\t<a class=\"qodef-shortcode qodef-m qodef-qi-button qodef-html--link qodef-layout--filled qodef-type--standard qodef-icon--right qodef-hover--icon-move-horizontal-short\" href=\"http:\/\/leiguhysi-is.tulpa.shared.1984.is\/skammtimaleiga\/\" target=\"_self\">\n\t<span class=\"qodef-m-text\">Wynajem kr\u00f3tkoterminowy (2+ dni) <\/span>\n\t<\/a>\n\t\t\t\t<\/div>\n\t\t\t\t<\/div>\n\t\t\t\t<\/div>\n\t\t<div class=\"elementor-element elementor-element-b3b726a e-con-full e-flex qodef-elementor-content-no e-con e-child\" data-id=\"b3b726a\" data-element_type=\"container\" data-e-type=\"container\">\n\t\t\t\t<div class=\"elementor-element elementor-element-474eeb2 elementor-widget elementor-widget-qi_addons_for_elementor_button\" data-id=\"474eeb2\" data-element_type=\"widget\" data-e-type=\"widget\" data-widget_type=\"qi_addons_for_elementor_button.default\">\n\t\t\t\t<div class=\"elementor-widget-container\">\n\t\t\t\t\t<a class=\"qodef-shortcode qodef-m qodef-qi-button qodef-html--link qodef-layout--filled qodef-type--standard qodef-icon--right qodef-hover--icon-move-horizontal-short\" href=\"http:\/\/leiguhysi-is.tulpa.shared.1984.is\/langtimaleiga\/\" target=\"_self\">\n\t<span class=\"qodef-m-text\">Wynajem d\u0142ugoterminowy (7+ dni)<\/span>\n\t<\/a>\n\t\t\t\t<\/div>\n\t\t\t\t<\/div>\n\t\t\t\t<\/div>\n\t\t\t\t\t<\/div>\n\t\t\t\t<\/div>\n\t\t<div class=\"elementor-element elementor-element-6ee18c5 e-flex e-con-boxed qodef-elementor-content-no e-con e-parent\" data-id=\"6ee18c5\" data-element_type=\"container\" data-e-type=\"container\">\n\t\t\t\t\t<div class=\"e-con-inner\">\n\t\t\t\t\t<\/div>\n\t\t\t\t<\/div>\n\t\t\t\t<\/div>\n\t\t","protected":false},"excerpt":{"rendered":"<p>Co lepiej pasuje do kr\u00f3tkiego postoju czy d\u0142u\u017cszego urlopu? Zobacz nasze przyczepy w zale\u017cno\u015bci od d\u0142ugo\u015bci Twojej podr\u00f3\u017cy. Wynajem kr\u00f3tkoterminowy jest dost\u0119pny do 2 lipca i zostanie ponownie otwarty po po\u0142owie sierpnia Wynajem kr\u00f3tkoterminowy (2+ dni) Wynajem d\u0142ugoterminowy (7+ dni)<\/p>\n","protected":false},"author":1,"featured_media":0,"parent":0,"menu_order":0,"comment_status":"closed","ping_status":"closed","template":"qi-full-width.php","meta":{"_acf_changed":false,"content-type":"","om_disable_all_campaigns":false,"_monsterinsights_skip_tracking":false,"_monsterinsights_sitenote_active":false,"_monsterinsights_sitenote_note":"","_monsterinsights_sitenote_category":0,"footnotes":""},"class_list":["post-2244","page","type-page","status-publish","hentry"],"acf":[],"aioseo_notices":[],"_links":{"self":[{"href":"https:\/\/leiguhysi.is\/pl\/wp-json\/wp\/v2\/pages\/2244","targetHints":{"allow":["GET"]}}],"collection":[{"href":"https:\/\/leiguhysi.is\/pl\/wp-json\/wp\/v2\/pages"}],"about":[{"href":"https:\/\/leiguhysi.is\/pl\/wp-json\/wp\/v2\/types\/page"}],"author":[{"embeddable":true,"href":"https:\/\/leiguhysi.is\/pl\/wp-json\/wp\/v2\/users\/1"}],"replies":[{"embeddable":true,"href":"https:\/\/leiguhysi.is\/pl\/wp-json\/wp\/v2\/comments?post=2244"}],"version-history":[{"count":1,"href":"https:\/\/leiguhysi.is\/pl\/wp-json\/wp\/v2\/pages\/2244\/revisions"}],"predecessor-version":[{"id":2245,"href":"https:\/\/leiguhysi.is\/pl\/wp-json\/wp\/v2\/pages\/2244\/revisions\/2245"}],"wp:attachment":[{"href":"https:\/\/leiguhysi.is\/pl\/wp-json\/wp\/v2\/media?parent=2244"}],"curies":[{"name":"wp","href":"https:\/\/api.w.org\/{rel}","templated":true}]}}